{"id":1977,"date":"2025-12-29T01:03:59","date_gmt":"2025-12-29T01:03:59","guid":{"rendered":"https:\/\/amenageart.fr\/produit\/fleur-de-cerisier-batonnet-diffuseur-en-rotin\/"},"modified":"2026-01-14T13:36:11","modified_gmt":"2026-01-14T13:36:11","slug":"fleur-de-cerisier-batonnet-diffuseur-en-rotin","status":"publish","type":"product","link":"https:\/\/amenageart.fr\/en\/product\/fleur-de-cerisier-batonnet-diffuseur-en-rotin\/","title":{"rendered":"Cherry blossom - Rattan diffuser stick"},"content":{"rendered":"<p>B\u00e2tonnet diffuseur en rotin repr\u00e9sentant une fleur de saule japonais, longueur 24 cm, con\u00e7u pour une diffusion douce par capillarit\u00e9.<\/p>","protected":false},"excerpt":{"rendered":"<p>B\u00e2tonnet diffuseur en rotin repr\u00e9sentant une fleur de saule japonais, longueur 24 cm, con\u00e7u pour une diffusion douce par capillarit\u00e9.<\/p>","protected":false},"featured_media":2083,"comment_status":"open","ping_status":"closed","template":"","meta":{"_uag_custom_page_level_css":"","site-sidebar-layout":"default","site-content-layout":"","ast-site-content-layout":"default","site-content-style":"default","site-sidebar-style":"default","ast-global-header-display":"","ast-banner-title-visibility":"","ast-main-header-display":"","ast-hfb-above-header-display":"","ast-hfb-below-header-display":"","ast-hfb-mobile-header-display":"","site-post-title":"","ast-breadcrumbs-content":"","ast-featured-img":"","footer-sml-layout":"","ast-disable-related-posts":"","theme-transparent-header-meta":"","adv-header-id-meta":"","stick-header-meta":"","header-above-stick-meta":"","header-main-stick-meta":"","header-below-stick-meta":"","astra-migrate-meta-layouts":"default","ast-page-background-enabled":"default","ast-page-background-meta":{"desktop":{"background-color":"","background-image":"","background-repeat":"repeat","background-position":"center center","background-size":"auto","background-attachment":"scroll","background-type":"","background-media":"","overlay-type":"","overlay-color":"","overlay-opacity":"","overlay-gradient":""},"tablet":{"background-color":"","background-image":"","background-repeat":"repeat","background-position":"center center","background-size":"auto","background-attachment":"scroll","background-type":"","background-media":"","overlay-type":"","overlay-color":"","overlay-opacity":"","overlay-gradient":""},"mobile":{"background-color":"","background-image":"","background-repeat":"repeat","background-position":"center center","background-size":"auto","background-attachment":"scroll","background-type":"","background-media":"","overlay-type":"","overlay-color":"","overlay-opacity":"","overlay-gradient":""}},"ast-content-background-meta":{"desktop":{"background-color":"var(--ast-global-color-5)","background-image":"","background-repeat":"repeat","background-position":"center center","background-size":"auto","background-attachment":"scroll","background-type":"","background-media":"","overlay-type":"","overlay-color":"","overlay-opacity":"","overlay-gradient":""},"tablet":{"background-color":"var(--ast-global-color-5)","background-image":"","background-repeat":"repeat","background-position":"center center","background-size":"auto","background-attachment":"scroll","background-type":"","background-media":"","overlay-type":"","overlay-color":"","overlay-opacity":"","overlay-gradient":""},"mobile":{"background-color":"var(--ast-global-color-5)","background-image":"","background-repeat":"repeat","background-position":"center center","background-size":"auto","background-attachment":"scroll","background-type":"","background-media":"","overlay-type":"","overlay-color":"","overlay-opacity":"","overlay-gradient":""}}},"product_brand":[],"product_cat":[15],"product_tag":[94,111,113],"class_list":{"0":"post-1977","1":"product","2":"type-product","3":"status-publish","4":"has-post-thumbnail","6":"product_cat-maison_deco","7":"product_tag-01-aromath-rapie","8":"product_tag-02-accessoires","9":"product_tag-btbfr","10":"desktop-align-left","11":"tablet-align-left","12":"mobile-align-left","14":"first","15":"instock","16":"taxable","17":"shipping-taxable","18":"purchasable","19":"product-type-simple"},"uagb_featured_image_src":{"full":["https:\/\/amenageart.fr\/wp-content\/uploads\/2025\/12\/AROAC0032-scaled-1.png",2560,2560,false],"thumbnail":["https:\/\/amenageart.fr\/wp-content\/uploads\/2025\/12\/AROAC0032-scaled-1-150x150.png",150,150,true],"medium":["https:\/\/amenageart.fr\/wp-content\/uploads\/2025\/12\/AROAC0032-scaled-1-300x300.png",300,300,true],"medium_large":["https:\/\/amenageart.fr\/wp-content\/uploads\/2025\/12\/AROAC0032-scaled-1-768x768.png",768,768,true],"large":["https:\/\/amenageart.fr\/wp-content\/uploads\/2025\/12\/AROAC0032-scaled-1-1024x1024.png",1024,1024,true],"1536x1536":["https:\/\/amenageart.fr\/wp-content\/uploads\/2025\/12\/AROAC0032-scaled-1-1536x1536.png",1536,1536,true],"2048x2048":["https:\/\/amenageart.fr\/wp-content\/uploads\/2025\/12\/AROAC0032-scaled-1-2048x2048.png",2048,2048,true],"trp-custom-language-flag":["https:\/\/amenageart.fr\/wp-content\/uploads\/2025\/12\/AROAC0032-scaled-1.png",12,12,false],"mailpoet_newsletter_max":["https:\/\/amenageart.fr\/wp-content\/uploads\/2025\/12\/AROAC0032-scaled-1-1320x1320.png",1320,1320,true],"woocommerce_thumbnail":["https:\/\/amenageart.fr\/wp-content\/uploads\/2025\/12\/AROAC0032-scaled-1-300x300.png",300,300,true],"woocommerce_single":["https:\/\/amenageart.fr\/wp-content\/uploads\/2025\/12\/AROAC0032-scaled-1-600x600.png",600,600,true],"woocommerce_gallery_thumbnail":["https:\/\/amenageart.fr\/wp-content\/uploads\/2025\/12\/AROAC0032-scaled-1-100x100.png",100,100,true]},"uagb_author_info":{"display_name":"admin","author_link":"https:\/\/amenageart.fr\/en\/author\/"},"uagb_comment_info":0,"uagb_excerpt":"B\u00e2tonnet diffuseur en rotin repr\u00e9sentant une fleur de saule japonais, longueur 24 cm, con\u00e7u pour une diffusion douce par capillarit\u00e9.","jetpack_sharing_enabled":true,"_links":{"self":[{"href":"https:\/\/amenageart.fr\/en\/wp-json\/wp\/v2\/product\/1977","targetHints":{"allow":["GET"]}}],"collection":[{"href":"https:\/\/amenageart.fr\/en\/wp-json\/wp\/v2\/product"}],"about":[{"href":"https:\/\/amenageart.fr\/en\/wp-json\/wp\/v2\/types\/product"}],"replies":[{"embeddable":true,"href":"https:\/\/amenageart.fr\/en\/wp-json\/wp\/v2\/comments?post=1977"}],"wp:featuredmedia":[{"embeddable":true,"href":"https:\/\/amenageart.fr\/en\/wp-json\/wp\/v2\/media\/2083"}],"wp:attachment":[{"href":"https:\/\/amenageart.fr\/en\/wp-json\/wp\/v2\/media?parent=1977"}],"wp:term":[{"taxonomy":"product_brand","embeddable":true,"href":"https:\/\/amenageart.fr\/en\/wp-json\/wp\/v2\/product_brand?post=1977"},{"taxonomy":"product_cat","embeddable":true,"href":"https:\/\/amenageart.fr\/en\/wp-json\/wp\/v2\/product_cat?post=1977"},{"taxonomy":"product_tag","embeddable":true,"href":"https:\/\/amenageart.fr\/en\/wp-json\/wp\/v2\/product_tag?post=1977"}],"curies":[{"name":"wp","href":"https:\/\/api.w.org\/{rel}","templated":true}]}}