{"id":1976,"date":"2025-12-29T01:03:58","date_gmt":"2025-12-29T01:03:58","guid":{"rendered":"https:\/\/amenageart.fr\/produit\/dual-soap-dispenser-sink-organizer-set\/"},"modified":"2025-12-29T01:21:52","modified_gmt":"2025-12-29T01:21:52","slug":"dual-soap-dispenser-sink-organizer-set","status":"publish","type":"product","link":"https:\/\/amenageart.fr\/en\/product\/dual-soap-dispenser-sink-organizer-set\/","title":{"rendered":"Double soap dispenser organizer set for washbasin"},"content":{"rendered":"<p>Organisateur d&rsquo;\u00e9vier tout-en-un avec deux distributeurs de savon et supports.<\/p>\n<p>Sp\u00e9cifications :<\/p>\n<p>Couleur : Noir<\/p>\n<p>Mat\u00e9riau : Plastique<\/p>\n<p>Installation : Sur pied<br \/>\nAlimentation : Fonctionne sans \u00e9lectricit\u00e9<br \/>\nCapacit\u00e9 de remplissage : 350 ml \u00d7 2 (700 ml au total)<\/p>\n<p>Dimensions : Voir l&rsquo;image<\/p>\n<p>Longueur : 17 cm<br \/>\nLargeur : 9,3 cm<br \/>\nHauteur : 17 cm (pompe incluse)<br \/>\nHauteur du corps (pompe non incluse) : 10,5 cm<\/p>\n<p>Avantages :<\/p>\n<p>Gain de place sur le plan de travail gr\u00e2ce \u00e0 sa conception compacte et multifonctionnelle<br \/>\nDeux distributeurs s\u00e9par\u00e9s de 350 ml pour le savon et le liquide vaisselle<br \/>\nPorte-\u00e9ponge et porte-brosse int\u00e9gr\u00e9s pour garder les accessoires de nettoyage \u00e0 port\u00e9e de main<br \/>\nInstallation sur pied : aucune installation ni branchement \u00e9lectrique requis<\/p>\n<p>Description du produit :<\/p>\n<p>L&rsquo;organisateur d&rsquo;\u00e9vier avec double distributeur de savon est l&rsquo;accessoire indispensable de votre cuisine. Con\u00e7u pour optimiser votre espace vaisselle, il est \u00e9quip\u00e9 de deux distributeurs de savon rechargeables de 350 ml, permettant de s\u00e9parer facilement le savon pour les mains et le liquide vaisselle. Les compartiments suppl\u00e9mentaires pour ranger l&rsquo;\u00e9ponge et la brosse permettent de garder votre \u00e9vier propre et organis\u00e9.<\/p>","protected":false},"excerpt":{"rendered":"<p>Organisateur d&rsquo;\u00e9vier tout-en-un avec deux distributeurs de savon et supports. Sp\u00e9cifications : Couleur : Noir Mat\u00e9riau : Plastique Installation : Sur pied Alimentation : Fonctionne sans \u00e9lectricit\u00e9 Capacit\u00e9 de remplissage : 350 ml \u00d7 2 (700 ml au total) Dimensions : Voir l&rsquo;image Longueur : 17 cm Largeur : 9,3 cm Hauteur : 17 cm [&hellip;]<\/p>\n","protected":false},"featured_media":2078,"comment_status":"open","ping_status":"closed","template":"","meta":{"_uag_custom_page_level_css":"","site-sidebar-layout":"default","site-content-layout":"","ast-site-content-layout":"default","site-content-style":"default","site-sidebar-style":"default","ast-global-header-display":"","ast-banner-title-visibility":"","ast-main-header-display":"","ast-hfb-above-header-display":"","ast-hfb-below-header-display":"","ast-hfb-mobile-header-display":"","site-post-title":"","ast-breadcrumbs-content":"","ast-featured-img":"","footer-sml-layout":"","ast-disable-related-posts":"","theme-transparent-header-meta":"default","adv-header-id-meta":"","stick-header-meta":"","header-above-stick-meta":"","header-main-stick-meta":"","header-below-stick-meta":"","astra-migrate-meta-layouts":"set","ast-page-background-enabled":"default","ast-page-background-meta":{"desktop":{"background-color":"","background-image":"","background-repeat":"repeat","background-position":"center center","background-size":"auto","background-attachment":"scroll","background-type":"","background-media":"","overlay-type":"","overlay-color":"","overlay-opacity":"","overlay-gradient":""},"tablet":{"background-color":"","background-image":"","background-repeat":"repeat","background-position":"center center","background-size":"auto","background-attachment":"scroll","background-type":"","background-media":"","overlay-type":"","overlay-color":"","overlay-opacity":"","overlay-gradient":""},"mobile":{"background-color":"","background-image":"","background-repeat":"repeat","background-position":"center center","background-size":"auto","background-attachment":"scroll","background-type":"","background-media":"","overlay-type":"","overlay-color":"","overlay-opacity":"","overlay-gradient":""}},"ast-content-background-meta":{"desktop":{"background-color":"var(--ast-global-color-5)","background-image":"","background-repeat":"repeat","background-position":"center center","background-size":"auto","background-attachment":"scroll","background-type":"","background-media":"","overlay-type":"","overlay-color":"","overlay-opacity":"","overlay-gradient":""},"tablet":{"background-color":"var(--ast-global-color-5)","background-image":"","background-repeat":"repeat","background-position":"center center","background-size":"auto","background-attachment":"scroll","background-type":"","background-media":"","overlay-type":"","overlay-color":"","overlay-opacity":"","overlay-gradient":""},"mobile":{"background-color":"var(--ast-global-color-5)","background-image":"","background-repeat":"repeat","background-position":"center center","background-size":"auto","background-attachment":"scroll","background-type":"","background-media":"","overlay-type":"","overlay-color":"","overlay-opacity":"","overlay-gradient":""}}},"product_brand":[],"product_cat":[15],"product_tag":[110,98],"class_list":{"0":"post-1976","1":"product","2":"type-product","3":"status-publish","4":"has-post-thumbnail","6":"product_cat-maison_deco","7":"product_tag-home-and-living","8":"product_tag-nne","9":"desktop-align-left","10":"tablet-align-left","11":"mobile-align-left","13":"first","14":"instock","15":"taxable","16":"shipping-taxable","17":"purchasable","18":"product-type-simple"},"uagb_featured_image_src":{"full":["https:\/\/amenageart.fr\/wp-content\/uploads\/2025\/12\/fff6569db818ff22591758e828d00b6c.jpg",1000,1000,false],"thumbnail":["https:\/\/amenageart.fr\/wp-content\/uploads\/2025\/12\/fff6569db818ff22591758e828d00b6c-150x150.jpg",150,150,true],"medium":["https:\/\/amenageart.fr\/wp-content\/uploads\/2025\/12\/fff6569db818ff22591758e828d00b6c-300x300.jpg",300,300,true],"medium_large":["https:\/\/amenageart.fr\/wp-content\/uploads\/2025\/12\/fff6569db818ff22591758e828d00b6c-768x768.jpg",768,768,true],"large":["https:\/\/amenageart.fr\/wp-content\/uploads\/2025\/12\/fff6569db818ff22591758e828d00b6c.jpg",1000,1000,false],"1536x1536":["https:\/\/amenageart.fr\/wp-content\/uploads\/2025\/12\/fff6569db818ff22591758e828d00b6c.jpg",1000,1000,false],"2048x2048":["https:\/\/amenageart.fr\/wp-content\/uploads\/2025\/12\/fff6569db818ff22591758e828d00b6c.jpg",1000,1000,false],"trp-custom-language-flag":["https:\/\/amenageart.fr\/wp-content\/uploads\/2025\/12\/fff6569db818ff22591758e828d00b6c.jpg",12,12,false],"mailpoet_newsletter_max":["https:\/\/amenageart.fr\/wp-content\/uploads\/2025\/12\/fff6569db818ff22591758e828d00b6c.jpg",1000,1000,false],"woocommerce_thumbnail":["https:\/\/amenageart.fr\/wp-content\/uploads\/2025\/12\/fff6569db818ff22591758e828d00b6c-300x300.jpg",300,300,true],"woocommerce_single":["https:\/\/amenageart.fr\/wp-content\/uploads\/2025\/12\/fff6569db818ff22591758e828d00b6c-600x600.jpg",600,600,true],"woocommerce_gallery_thumbnail":["https:\/\/amenageart.fr\/wp-content\/uploads\/2025\/12\/fff6569db818ff22591758e828d00b6c-100x100.jpg",100,100,true]},"uagb_author_info":{"display_name":"admin","author_link":"https:\/\/amenageart.fr\/en\/author\/"},"uagb_comment_info":0,"uagb_excerpt":"Organisateur d&rsquo;\u00e9vier tout-en-un avec deux distributeurs de savon et supports. Sp\u00e9cifications : Couleur : Noir Mat\u00e9riau : Plastique Installation : Sur pied Alimentation : Fonctionne sans \u00e9lectricit\u00e9 Capacit\u00e9 de remplissage : 350 ml \u00d7 2 (700 ml au total) Dimensions : Voir l&rsquo;image Longueur : 17 cm Largeur : 9,3 cm Hauteur : 17 cm&hellip;","jetpack_sharing_enabled":true,"_links":{"self":[{"href":"https:\/\/amenageart.fr\/en\/wp-json\/wp\/v2\/product\/1976","targetHints":{"allow":["GET"]}}],"collection":[{"href":"https:\/\/amenageart.fr\/en\/wp-json\/wp\/v2\/product"}],"about":[{"href":"https:\/\/amenageart.fr\/en\/wp-json\/wp\/v2\/types\/product"}],"replies":[{"embeddable":true,"href":"https:\/\/amenageart.fr\/en\/wp-json\/wp\/v2\/comments?post=1976"}],"wp:featuredmedia":[{"embeddable":true,"href":"https:\/\/amenageart.fr\/en\/wp-json\/wp\/v2\/media\/2078"}],"wp:attachment":[{"href":"https:\/\/amenageart.fr\/en\/wp-json\/wp\/v2\/media?parent=1976"}],"wp:term":[{"taxonomy":"product_brand","embeddable":true,"href":"https:\/\/amenageart.fr\/en\/wp-json\/wp\/v2\/product_brand?post=1976"},{"taxonomy":"product_cat","embeddable":true,"href":"https:\/\/amenageart.fr\/en\/wp-json\/wp\/v2\/product_cat?post=1976"},{"taxonomy":"product_tag","embeddable":true,"href":"https:\/\/amenageart.fr\/en\/wp-json\/wp\/v2\/product_tag?post=1976"}],"curies":[{"name":"wp","href":"https:\/\/api.w.org\/{rel}","templated":true}]}}