{"id":1953,"date":"2025-12-29T01:03:33","date_gmt":"2025-12-29T01:03:33","guid":{"rendered":"https:\/\/amenageart.fr\/produit\/diffuseur-humidificateur-dhuiles-essentielles-aspect-bois-fonce\/"},"modified":"2025-12-29T01:21:40","modified_gmt":"2025-12-29T01:21:40","slug":"diffuseur-humidificateur-dhuiles-essentielles-aspect-bois-fonce","status":"publish","type":"product","link":"https:\/\/amenageart.fr\/en\/product\/diffuseur-humidificateur-dhuiles-essentielles-aspect-bois-fonce\/","title":{"rendered":"Diffuseur &amp; humidificateur d&rsquo;huiles essentielles aspect bois fonc\u00e9"},"content":{"rendered":"<p>Diffuseur &amp; humidificateur compact en bois fonc\u00e9, 130 ml, id\u00e9al pour purifier et parfumer l\u2019air naturellement.<\/p>","protected":false},"excerpt":{"rendered":"<p>Diffuseur &amp; humidificateur compact en bois fonc\u00e9, 130 ml, id\u00e9al pour purifier et parfumer l\u2019air naturellement.<\/p>","protected":false},"featured_media":1978,"comment_status":"open","ping_status":"closed","template":"","meta":{"_uag_custom_page_level_css":"","site-sidebar-layout":"default","site-content-layout":"","ast-site-content-layout":"default","site-content-style":"default","site-sidebar-style":"default","ast-global-header-display":"","ast-banner-title-visibility":"","ast-main-header-display":"","ast-hfb-above-header-display":"","ast-hfb-below-header-display":"","ast-hfb-mobile-header-display":"","site-post-title":"","ast-breadcrumbs-content":"","ast-featured-img":"","footer-sml-layout":"","ast-disable-related-posts":"","theme-transparent-header-meta":"","adv-header-id-meta":"","stick-header-meta":"","header-above-stick-meta":"","header-main-stick-meta":"","header-below-stick-meta":"","astra-migrate-meta-layouts":"default","ast-page-background-enabled":"default","ast-page-background-meta":{"desktop":{"background-color":"","background-image":"","background-repeat":"repeat","background-position":"center center","background-size":"auto","background-attachment":"scroll","background-type":"","background-media":"","overlay-type":"","overlay-color":"","overlay-opacity":"","overlay-gradient":""},"tablet":{"background-color":"","background-image":"","background-repeat":"repeat","background-position":"center center","background-size":"auto","background-attachment":"scroll","background-type":"","background-media":"","overlay-type":"","overlay-color":"","overlay-opacity":"","overlay-gradient":""},"mobile":{"background-color":"","background-image":"","background-repeat":"repeat","background-position":"center center","background-size":"auto","background-attachment":"scroll","background-type":"","background-media":"","overlay-type":"","overlay-color":"","overlay-opacity":"","overlay-gradient":""}},"ast-content-background-meta":{"desktop":{"background-color":"var(--ast-global-color-5)","background-image":"","background-repeat":"repeat","background-position":"center center","background-size":"auto","background-attachment":"scroll","background-type":"","background-media":"","overlay-type":"","overlay-color":"","overlay-opacity":"","overlay-gradient":""},"tablet":{"background-color":"var(--ast-global-color-5)","background-image":"","background-repeat":"repeat","background-position":"center center","background-size":"auto","background-attachment":"scroll","background-type":"","background-media":"","overlay-type":"","overlay-color":"","overlay-opacity":"","overlay-gradient":""},"mobile":{"background-color":"var(--ast-global-color-5)","background-image":"","background-repeat":"repeat","background-position":"center center","background-size":"auto","background-attachment":"scroll","background-type":"","background-media":"","overlay-type":"","overlay-color":"","overlay-opacity":"","overlay-gradient":""}}},"product_brand":[],"product_cat":[15],"product_tag":[94,95,96,97],"class_list":{"0":"post-1953","1":"product","2":"type-product","3":"status-publish","4":"has-post-thumbnail","6":"product_cat-maison_deco","7":"product_tag-01-aromath-rapie","8":"product_tag-02-diffuseurs","9":"product_tag-03-diffuseurs-humidificateurs","10":"product_tag-btben","11":"desktop-align-left","12":"tablet-align-left","13":"mobile-align-left","15":"first","16":"instock","17":"taxable","18":"shipping-taxable","19":"purchasable","20":"product-type-simple"},"uagb_featured_image_src":{"full":["https:\/\/amenageart.fr\/wp-content\/uploads\/2025\/12\/DSC07940-copie-2.png",1000,1000,false],"thumbnail":["https:\/\/amenageart.fr\/wp-content\/uploads\/2025\/12\/DSC07940-copie-2-150x150.png",150,150,true],"medium":["https:\/\/amenageart.fr\/wp-content\/uploads\/2025\/12\/DSC07940-copie-2-300x300.png",300,300,true],"medium_large":["https:\/\/amenageart.fr\/wp-content\/uploads\/2025\/12\/DSC07940-copie-2-768x768.png",768,768,true],"large":["https:\/\/amenageart.fr\/wp-content\/uploads\/2025\/12\/DSC07940-copie-2.png",1000,1000,false],"1536x1536":["https:\/\/amenageart.fr\/wp-content\/uploads\/2025\/12\/DSC07940-copie-2.png",1000,1000,false],"2048x2048":["https:\/\/amenageart.fr\/wp-content\/uploads\/2025\/12\/DSC07940-copie-2.png",1000,1000,false],"trp-custom-language-flag":["https:\/\/amenageart.fr\/wp-content\/uploads\/2025\/12\/DSC07940-copie-2.png",12,12,false],"mailpoet_newsletter_max":["https:\/\/amenageart.fr\/wp-content\/uploads\/2025\/12\/DSC07940-copie-2.png",1000,1000,false],"woocommerce_thumbnail":["https:\/\/amenageart.fr\/wp-content\/uploads\/2025\/12\/DSC07940-copie-2-300x300.png",300,300,true],"woocommerce_single":["https:\/\/amenageart.fr\/wp-content\/uploads\/2025\/12\/DSC07940-copie-2-600x600.png",600,600,true],"woocommerce_gallery_thumbnail":["https:\/\/amenageart.fr\/wp-content\/uploads\/2025\/12\/DSC07940-copie-2-100x100.png",100,100,true]},"uagb_author_info":{"display_name":"admin","author_link":"https:\/\/amenageart.fr\/en\/author\/"},"uagb_comment_info":0,"uagb_excerpt":"Diffuseur &amp; humidificateur compact en bois fonc\u00e9, 130 ml, id\u00e9al pour purifier et parfumer l\u2019air naturellement.","jetpack_sharing_enabled":true,"_links":{"self":[{"href":"https:\/\/amenageart.fr\/en\/wp-json\/wp\/v2\/product\/1953","targetHints":{"allow":["GET"]}}],"collection":[{"href":"https:\/\/amenageart.fr\/en\/wp-json\/wp\/v2\/product"}],"about":[{"href":"https:\/\/amenageart.fr\/en\/wp-json\/wp\/v2\/types\/product"}],"replies":[{"embeddable":true,"href":"https:\/\/amenageart.fr\/en\/wp-json\/wp\/v2\/comments?post=1953"}],"wp:featuredmedia":[{"embeddable":true,"href":"https:\/\/amenageart.fr\/en\/wp-json\/wp\/v2\/media\/1978"}],"wp:attachment":[{"href":"https:\/\/amenageart.fr\/en\/wp-json\/wp\/v2\/media?parent=1953"}],"wp:term":[{"taxonomy":"product_brand","embeddable":true,"href":"https:\/\/amenageart.fr\/en\/wp-json\/wp\/v2\/product_brand?post=1953"},{"taxonomy":"product_cat","embeddable":true,"href":"https:\/\/amenageart.fr\/en\/wp-json\/wp\/v2\/product_cat?post=1953"},{"taxonomy":"product_tag","embeddable":true,"href":"https:\/\/amenageart.fr\/en\/wp-json\/wp\/v2\/product_tag?post=1953"}],"curies":[{"name":"wp","href":"https:\/\/api.w.org\/{rel}","templated":true}]}}