{"id":1948,"date":"2025-12-29T00:45:40","date_gmt":"2025-12-29T00:45:40","guid":{"rendered":"https:\/\/amenageart.fr\/?post_type=product&#038;p=1948"},"modified":"2025-12-29T00:45:41","modified_gmt":"2025-12-29T00:45:41","slug":"bonde-receveur-turboflow-tbxs-o90-avec-technologie-magnetech","status":"publish","type":"product","link":"https:\/\/amenageart.fr\/en\/product\/bonde-receveur-turboflow-tbxs-o90-avec-technologie-magnetech\/","title":{"rendered":"Bonde receveur TURBOFLOW-TBXS \u00d890 avec technologie MAGNETECH"},"content":{"rendered":"<h2 class=\"chapo\"><span class=\"titre_pwb\">Bonde receveur TURBOFLOW-TBXS \u00d890 avec technologie MAGNETECH\u00a0<\/span><\/p>\n<p>Bonde TURBOFLOW-XS : la seule solution d&rsquo;\u00e9vacuation pour receveurs de douche \u00d890 combinant la compacit\u00e9, la performance et la durabilit\u00e9<\/h2>\n<p>&nbsp;<\/p>\n<div class=\"plus-insta moins\">\n<h2>Les + Nicoll performance<\/h2>\n<div class=\"content\">\n<ul>\n<li>Bonde avec clapet et contre-clapet Magnetech + garde d&rsquo;eau 1 cm, syst\u00e8me anti-remont\u00e9es d&rsquo;odeurs<\/li>\n<li>Haut D\u00e9bit 33l\/mn<\/li>\n<li>Etanch\u00e9it\u00e9 instantan\u00e9e garantie gr\u00e2ce aux joints co-inject\u00e9 au corps de la bonde<\/li>\n<li>Hygi\u00e8ne et facilit\u00e9 d&rsquo;entretien gr\u00e2ce au siphon extractible<\/li>\n<\/ul>\n<\/div>\n<\/div>\n<div class=\"plus-insta\">\n<h2>Les + Nicoll installation<\/h2>\n<div class=\"content\">\n<ul>\n<li>Compacit\u00e9 208 L x 68 H<\/li>\n<li>Montage facilit\u00e9 gr\u00e2ce aux joints co-inject\u00e9s<\/li>\n<li>Clef sp\u00e9ciale double fonction garantissant : un couple de serrage optimal et servant de cache d\u00e9bris<\/li>\n<li>Sortie \u00e0 coller et \u00e0 visser<\/li>\n<\/ul>\n<\/div>\n<\/div>","protected":false},"excerpt":{"rendered":"<p>Bonde receveur TURBOFLOW-TBXS \u00d890 avec technologie MAGNETECH\u00a0 Bonde TURBOFLOW-XS : la seule solution d&rsquo;\u00e9vacuation pour receveurs de douche \u00d890 combinant la compacit\u00e9, la performance et la durabilit\u00e9 &nbsp; Les + Nicoll performance Bonde avec clapet et contre-clapet Magnetech + garde d&rsquo;eau 1 cm, syst\u00e8me anti-remont\u00e9es d&rsquo;odeurs Haut D\u00e9bit 33l\/mn Etanch\u00e9it\u00e9 instantan\u00e9e garantie gr\u00e2ce aux joints [&hellip;]<\/p>\n","protected":false},"featured_media":1949,"comment_status":"open","ping_status":"closed","template":"","meta":{"_uag_custom_page_level_css":"","site-sidebar-layout":"default","site-content-layout":"","ast-site-content-layout":"default","site-content-style":"default","site-sidebar-style":"default","ast-global-header-display":"","ast-banner-title-visibility":"","ast-main-header-display":"","ast-hfb-above-header-display":"","ast-hfb-below-header-display":"","ast-hfb-mobile-header-display":"","site-post-title":"","ast-breadcrumbs-content":"","ast-featured-img":"","footer-sml-layout":"","ast-disable-related-posts":"","theme-transparent-header-meta":"default","adv-header-id-meta":"","stick-header-meta":"","header-above-stick-meta":"","header-main-stick-meta":"","header-below-stick-meta":"","astra-migrate-meta-layouts":"set","ast-page-background-enabled":"default","ast-page-background-meta":{"desktop":{"background-color":"","background-image":"","background-repeat":"repeat","background-position":"center center","background-size":"auto","background-attachment":"scroll","background-type":"","background-media":"","overlay-type":"","overlay-color":"","overlay-opacity":"","overlay-gradient":""},"tablet":{"background-color":"","background-image":"","background-repeat":"repeat","background-position":"center center","background-size":"auto","background-attachment":"scroll","background-type":"","background-media":"","overlay-type":"","overlay-color":"","overlay-opacity":"","overlay-gradient":""},"mobile":{"background-color":"","background-image":"","background-repeat":"repeat","background-position":"center center","background-size":"auto","background-attachment":"scroll","background-type":"","background-media":"","overlay-type":"","overlay-color":"","overlay-opacity":"","overlay-gradient":""}},"ast-content-background-meta":{"desktop":{"background-color":"var(--ast-global-color-5)","background-image":"","background-repeat":"repeat","background-position":"center center","background-size":"auto","background-attachment":"scroll","background-type":"","background-media":"","overlay-type":"","overlay-color":"","overlay-opacity":"","overlay-gradient":""},"tablet":{"background-color":"var(--ast-global-color-5)","background-image":"","background-repeat":"repeat","background-position":"center center","background-size":"auto","background-attachment":"scroll","background-type":"","background-media":"","overlay-type":"","overlay-color":"","overlay-opacity":"","overlay-gradient":""},"mobile":{"background-color":"var(--ast-global-color-5)","background-image":"","background-repeat":"repeat","background-position":"center center","background-size":"auto","background-attachment":"scroll","background-type":"","background-media":"","overlay-type":"","overlay-color":"","overlay-opacity":"","overlay-gradient":""}}},"product_brand":[93],"product_cat":[76],"product_tag":[],"class_list":{"0":"post-1948","1":"product","2":"type-product","3":"status-publish","4":"has-post-thumbnail","6":"product_brand-nicoll","7":"product_cat-salle-de-bain-wc-sanitaires","8":"desktop-align-left","9":"tablet-align-left","10":"mobile-align-left","12":"first","13":"instock","14":"taxable","15":"shipping-taxable","16":"purchasable","17":"product-type-simple"},"uagb_featured_image_src":{"full":["https:\/\/amenageart.fr\/wp-content\/uploads\/2025\/12\/bonde-receveur-turboflow-tbxs-o90-avec-technologie-magnetech.webp",1372,1372,false],"thumbnail":["https:\/\/amenageart.fr\/wp-content\/uploads\/2025\/12\/bonde-receveur-turboflow-tbxs-o90-avec-technologie-magnetech-150x150.webp",150,150,true],"medium":["https:\/\/amenageart.fr\/wp-content\/uploads\/2025\/12\/bonde-receveur-turboflow-tbxs-o90-avec-technologie-magnetech-300x300.webp",300,300,true],"medium_large":["https:\/\/amenageart.fr\/wp-content\/uploads\/2025\/12\/bonde-receveur-turboflow-tbxs-o90-avec-technologie-magnetech-768x768.webp",768,768,true],"large":["https:\/\/amenageart.fr\/wp-content\/uploads\/2025\/12\/bonde-receveur-turboflow-tbxs-o90-avec-technologie-magnetech-1024x1024.webp",1024,1024,true],"1536x1536":["https:\/\/amenageart.fr\/wp-content\/uploads\/2025\/12\/bonde-receveur-turboflow-tbxs-o90-avec-technologie-magnetech.webp",1372,1372,false],"2048x2048":["https:\/\/amenageart.fr\/wp-content\/uploads\/2025\/12\/bonde-receveur-turboflow-tbxs-o90-avec-technologie-magnetech.webp",1372,1372,false],"trp-custom-language-flag":["https:\/\/amenageart.fr\/wp-content\/uploads\/2025\/12\/bonde-receveur-turboflow-tbxs-o90-avec-technologie-magnetech.webp",12,12,false],"mailpoet_newsletter_max":["https:\/\/amenageart.fr\/wp-content\/uploads\/2025\/12\/bonde-receveur-turboflow-tbxs-o90-avec-technologie-magnetech-1320x1320.webp",1320,1320,true],"woocommerce_thumbnail":["https:\/\/amenageart.fr\/wp-content\/uploads\/2025\/12\/bonde-receveur-turboflow-tbxs-o90-avec-technologie-magnetech-300x300.webp",300,300,true],"woocommerce_single":["https:\/\/amenageart.fr\/wp-content\/uploads\/2025\/12\/bonde-receveur-turboflow-tbxs-o90-avec-technologie-magnetech-600x600.webp",600,600,true],"woocommerce_gallery_thumbnail":["https:\/\/amenageart.fr\/wp-content\/uploads\/2025\/12\/bonde-receveur-turboflow-tbxs-o90-avec-technologie-magnetech-100x100.webp",100,100,true]},"uagb_author_info":{"display_name":"admin","author_link":"https:\/\/amenageart.fr\/en\/author\/"},"uagb_comment_info":0,"uagb_excerpt":"Bonde receveur TURBOFLOW-TBXS \u00d890 avec technologie MAGNETECH\u00a0 Bonde TURBOFLOW-XS : la seule solution d&rsquo;\u00e9vacuation pour receveurs de douche \u00d890 combinant la compacit\u00e9, la performance et la durabilit\u00e9 &nbsp; Les + Nicoll performance Bonde avec clapet et contre-clapet Magnetech + garde d&rsquo;eau 1 cm, syst\u00e8me anti-remont\u00e9es d&rsquo;odeurs Haut D\u00e9bit 33l\/mn Etanch\u00e9it\u00e9 instantan\u00e9e garantie gr\u00e2ce aux joints&hellip;","jetpack_sharing_enabled":true,"_links":{"self":[{"href":"https:\/\/amenageart.fr\/en\/wp-json\/wp\/v2\/product\/1948","targetHints":{"allow":["GET"]}}],"collection":[{"href":"https:\/\/amenageart.fr\/en\/wp-json\/wp\/v2\/product"}],"about":[{"href":"https:\/\/amenageart.fr\/en\/wp-json\/wp\/v2\/types\/product"}],"replies":[{"embeddable":true,"href":"https:\/\/amenageart.fr\/en\/wp-json\/wp\/v2\/comments?post=1948"}],"wp:featuredmedia":[{"embeddable":true,"href":"https:\/\/amenageart.fr\/en\/wp-json\/wp\/v2\/media\/1949"}],"wp:attachment":[{"href":"https:\/\/amenageart.fr\/en\/wp-json\/wp\/v2\/media?parent=1948"}],"wp:term":[{"taxonomy":"product_brand","embeddable":true,"href":"https:\/\/amenageart.fr\/en\/wp-json\/wp\/v2\/product_brand?post=1948"},{"taxonomy":"product_cat","embeddable":true,"href":"https:\/\/amenageart.fr\/en\/wp-json\/wp\/v2\/product_cat?post=1948"},{"taxonomy":"product_tag","embeddable":true,"href":"https:\/\/amenageart.fr\/en\/wp-json\/wp\/v2\/product_tag?post=1948"}],"curies":[{"name":"wp","href":"https:\/\/api.w.org\/{rel}","templated":true}]}}