{"id":1943,"date":"2025-12-29T00:26:23","date_gmt":"2025-12-29T00:26:23","guid":{"rendered":"https:\/\/amenageart.fr\/?post_type=product&#038;p=1943"},"modified":"2025-12-29T00:26:23","modified_gmt":"2025-12-29T00:26:23","slug":"manchon-multicouche-a-sertir-multiskin","status":"publish","type":"product","link":"https:\/\/amenageart.fr\/en\/product\/manchon-multicouche-a-sertir-multiskin\/","title":{"rendered":"Manchon Multicouche \u00e0 sertir MULTISKIN"},"content":{"rendered":"<h3 class=\"titre_pwb\"><strong>Manchon Multicouche \u00e0 sertir MULTISKIN<\/strong><\/h3>\n<p>Manchon pour le raccordement de tuyau multicouche identique diamtre 16-20-26-32<\/p>\n<p>Indicateur Visu-Control d\u00e9tachable apr\u00e8s sertissage : \u00e9vite les oublis de sertissage<br \/>\nJoint brevet\u00e9 avec fonction \u00ab non \u00e9tanche si non serti \u00bb : cr\u00e9\u00e9 une fuite automatique lors du test de pression pour d\u00e9tecter un \u00e9ventuel oubli de sertissage<br \/>\nRaccord multiprofil TH, H et U : limite l&rsquo;investissement en outillage et les risques de sertissage avec un profil non adapt\u00e9<br \/>\nR\u00e9duction des pertes de charge : performance hydraulique accrue<br \/>\nRenforts d&rsquo;angle \/ nervures : robustesse des raccords am\u00e9lior\u00e9e<br \/>\nBouchons de protection : prot\u00e8ge l&rsquo;int\u00e9rieur du raccord des impuret\u00e9s<br \/>\n\u00c9tamage : prot\u00e8ge le raccord de la corrosion et am\u00e9liore l&rsquo;esth\u00e9tique<br \/>\nNF 545<\/p>","protected":false},"excerpt":{"rendered":"<p>Manchon Multicouche \u00e0 sertir MULTISKIN Manchon pour le raccordement de tuyau multicouche identique diamtre 16-20-26-32 Indicateur Visu-Control d\u00e9tachable apr\u00e8s sertissage : \u00e9vite les oublis de sertissage Joint brevet\u00e9 avec fonction \u00ab non \u00e9tanche si non serti \u00bb : cr\u00e9\u00e9 une fuite automatique lors du test de pression pour d\u00e9tecter un \u00e9ventuel oubli de sertissage Raccord [&hellip;]<\/p>\n","protected":false},"featured_media":1944,"comment_status":"open","ping_status":"closed","template":"","meta":{"_uag_custom_page_level_css":"","site-sidebar-layout":"default","site-content-layout":"","ast-site-content-layout":"default","site-content-style":"default","site-sidebar-style":"default","ast-global-header-display":"","ast-banner-title-visibility":"","ast-main-header-display":"","ast-hfb-above-header-display":"","ast-hfb-below-header-display":"","ast-hfb-mobile-header-display":"","site-post-title":"","ast-breadcrumbs-content":"","ast-featured-img":"","footer-sml-layout":"","ast-disable-related-posts":"","theme-transparent-header-meta":"default","adv-header-id-meta":"","stick-header-meta":"","header-above-stick-meta":"","header-main-stick-meta":"","header-below-stick-meta":"","astra-migrate-meta-layouts":"set","ast-page-background-enabled":"default","ast-page-background-meta":{"desktop":{"background-color":"","background-image":"","background-repeat":"repeat","background-position":"center center","background-size":"auto","background-attachment":"scroll","background-type":"","background-media":"","overlay-type":"","overlay-color":"","overlay-opacity":"","overlay-gradient":""},"tablet":{"background-color":"","background-image":"","background-repeat":"repeat","background-position":"center center","background-size":"auto","background-attachment":"scroll","background-type":"","background-media":"","overlay-type":"","overlay-color":"","overlay-opacity":"","overlay-gradient":""},"mobile":{"background-color":"","background-image":"","background-repeat":"repeat","background-position":"center center","background-size":"auto","background-attachment":"scroll","background-type":"","background-media":"","overlay-type":"","overlay-color":"","overlay-opacity":"","overlay-gradient":""}},"ast-content-background-meta":{"desktop":{"background-color":"var(--ast-global-color-5)","background-image":"","background-repeat":"repeat","background-position":"center center","background-size":"auto","background-attachment":"scroll","background-type":"","background-media":"","overlay-type":"","overlay-color":"","overlay-opacity":"","overlay-gradient":""},"tablet":{"background-color":"var(--ast-global-color-5)","background-image":"","background-repeat":"repeat","background-position":"center center","background-size":"auto","background-attachment":"scroll","background-type":"","background-media":"","overlay-type":"","overlay-color":"","overlay-opacity":"","overlay-gradient":""},"mobile":{"background-color":"var(--ast-global-color-5)","background-image":"","background-repeat":"repeat","background-position":"center center","background-size":"auto","background-attachment":"scroll","background-type":"","background-media":"","overlay-type":"","overlay-color":"","overlay-opacity":"","overlay-gradient":""}}},"product_brand":[91],"product_cat":[86],"product_tag":[92],"class_list":{"0":"post-1943","1":"product","2":"type-product","3":"status-publish","4":"has-post-thumbnail","6":"product_brand-comap","7":"product_cat-plomberie","8":"product_tag-plomberie","9":"desktop-align-left","10":"tablet-align-left","11":"mobile-align-left","13":"first","14":"instock","15":"taxable","16":"shipping-taxable","17":"purchasable","18":"product-type-simple"},"uagb_featured_image_src":{"full":["https:\/\/amenageart.fr\/wp-content\/uploads\/2025\/12\/manchon-multicouche-a-sertir-multiskin.webp",1372,1372,false],"thumbnail":["https:\/\/amenageart.fr\/wp-content\/uploads\/2025\/12\/manchon-multicouche-a-sertir-multiskin-150x150.webp",150,150,true],"medium":["https:\/\/amenageart.fr\/wp-content\/uploads\/2025\/12\/manchon-multicouche-a-sertir-multiskin-300x300.webp",300,300,true],"medium_large":["https:\/\/amenageart.fr\/wp-content\/uploads\/2025\/12\/manchon-multicouche-a-sertir-multiskin-768x768.webp",768,768,true],"large":["https:\/\/amenageart.fr\/wp-content\/uploads\/2025\/12\/manchon-multicouche-a-sertir-multiskin-1024x1024.webp",1024,1024,true],"1536x1536":["https:\/\/amenageart.fr\/wp-content\/uploads\/2025\/12\/manchon-multicouche-a-sertir-multiskin.webp",1372,1372,false],"2048x2048":["https:\/\/amenageart.fr\/wp-content\/uploads\/2025\/12\/manchon-multicouche-a-sertir-multiskin.webp",1372,1372,false],"trp-custom-language-flag":["https:\/\/amenageart.fr\/wp-content\/uploads\/2025\/12\/manchon-multicouche-a-sertir-multiskin.webp",12,12,false],"mailpoet_newsletter_max":["https:\/\/amenageart.fr\/wp-content\/uploads\/2025\/12\/manchon-multicouche-a-sertir-multiskin-1320x1320.webp",1320,1320,true],"woocommerce_thumbnail":["https:\/\/amenageart.fr\/wp-content\/uploads\/2025\/12\/manchon-multicouche-a-sertir-multiskin-300x300.webp",300,300,true],"woocommerce_single":["https:\/\/amenageart.fr\/wp-content\/uploads\/2025\/12\/manchon-multicouche-a-sertir-multiskin-600x600.webp",600,600,true],"woocommerce_gallery_thumbnail":["https:\/\/amenageart.fr\/wp-content\/uploads\/2025\/12\/manchon-multicouche-a-sertir-multiskin-100x100.webp",100,100,true]},"uagb_author_info":{"display_name":"admin","author_link":"https:\/\/amenageart.fr\/en\/author\/"},"uagb_comment_info":0,"uagb_excerpt":"Manchon Multicouche \u00e0 sertir MULTISKIN Manchon pour le raccordement de tuyau multicouche identique diamtre 16-20-26-32 Indicateur Visu-Control d\u00e9tachable apr\u00e8s sertissage : \u00e9vite les oublis de sertissage Joint brevet\u00e9 avec fonction \u00ab non \u00e9tanche si non serti \u00bb : cr\u00e9\u00e9 une fuite automatique lors du test de pression pour d\u00e9tecter un \u00e9ventuel oubli de sertissage Raccord&hellip;","jetpack_sharing_enabled":true,"_links":{"self":[{"href":"https:\/\/amenageart.fr\/en\/wp-json\/wp\/v2\/product\/1943","targetHints":{"allow":["GET"]}}],"collection":[{"href":"https:\/\/amenageart.fr\/en\/wp-json\/wp\/v2\/product"}],"about":[{"href":"https:\/\/amenageart.fr\/en\/wp-json\/wp\/v2\/types\/product"}],"replies":[{"embeddable":true,"href":"https:\/\/amenageart.fr\/en\/wp-json\/wp\/v2\/comments?post=1943"}],"wp:featuredmedia":[{"embeddable":true,"href":"https:\/\/amenageart.fr\/en\/wp-json\/wp\/v2\/media\/1944"}],"wp:attachment":[{"href":"https:\/\/amenageart.fr\/en\/wp-json\/wp\/v2\/media?parent=1943"}],"wp:term":[{"taxonomy":"product_brand","embeddable":true,"href":"https:\/\/amenageart.fr\/en\/wp-json\/wp\/v2\/product_brand?post=1943"},{"taxonomy":"product_cat","embeddable":true,"href":"https:\/\/amenageart.fr\/en\/wp-json\/wp\/v2\/product_cat?post=1943"},{"taxonomy":"product_tag","embeddable":true,"href":"https:\/\/amenageart.fr\/en\/wp-json\/wp\/v2\/product_tag?post=1943"}],"curies":[{"name":"wp","href":"https:\/\/api.w.org\/{rel}","templated":true}]}}