{"id":1937,"date":"2025-12-28T20:27:41","date_gmt":"2025-12-28T20:27:41","guid":{"rendered":"https:\/\/amenageart.fr\/?post_type=product&#038;p=1937"},"modified":"2025-12-28T20:27:41","modified_gmt":"2025-12-28T20:27:41","slug":"vanne-1-4-de-tour-aster-m-f-pn40","status":"publish","type":"product","link":"https:\/\/amenageart.fr\/en\/product\/vanne-1-4-de-tour-aster-m-f-pn40\/","title":{"rendered":"Vanne 1\/4 de Tour ASTER M-F PN40"},"content":{"rendered":"<div class=\"st_read_more_box\">\n<p>Vanne 1\/4 de Tour ASTER M-F PN40<\/p>\n<p>Diam\u00e8tre disponible<\/p>\n<p>3\/8 (12&#215;17)- 1\/2 (15&#215;21) &#8211; 3\/4 (20&#215;27)- 1&Prime;(26&#215;34 &#8211; 1 1\/4&Prime; (33&#215;42) &#8211; 1 1\/2&Prime; (40&#215;49) &#8211; 2&Prime; (50&#215;60)<br \/>\n<strong>CARACTERISTIQUES TECHNIQUES:<\/strong><\/p>\n<p><strong>Limites de temp\u00e9rature:<\/strong><br \/>\npour fluides de -15\u00b0C \u00e0 +110\u00b0C<br \/>\n<strong>Limites de pression:<\/strong><br \/>\npour fluides 40 bars<\/p>\n<p><strong>CARACTERISTIQUES PARTICULIERS:<\/strong><\/p>\n<p><strong>Passage: <\/strong>int\u00e9gral.<br \/>\n<strong>Tige: <\/strong>anti-explosion.<br \/>\n<strong>Joints lat\u00e9rals: <\/strong>PTFE vierge \u00e0 haute r\u00e9sistance.<br \/>\n<strong>Etanch\u00e9it\u00e9 sup\u00e9rieure: 3 joints:<\/strong><br \/>\n1 joint PTFE &#8211; haute pression.<br \/>\n2 joints toriques &#8211; basse pression.<\/p>\n<p>\u2022 La s\u00e9rie ASTER ACS a \u00e9t\u00e9 con\u00e7ue afin de repondre aux normes europ\u00e9ennes sur l&rsquo;eau potable. La surface int\u00e9rieure non nickel\u00e9e et touts les composants au contact de l&rsquo;eau rendent ce robinet apte \u00e0 garantir une potabilit\u00e9 parfaite.<\/p>\n<p><strong>Domaine d&rsquo;utilisation:<\/strong><br \/>\nla s\u00e9rie ASTER ACS est recommand\u00e9e dans les installations de distribution d&rsquo;eau potable, de climatisation et de chauffage, dans les syst\u00e8mes pneumatiques.<\/p>\n<p><strong>Extremites filet\u00e9es:<\/strong><br \/>\n\u2022 filets standards femelles conformes aux normes UNI ISO 228\/1.<\/p>\n<p><strong>Organes de manoeuvre:<\/strong><br \/>\nlevier en aluminium, levier en acier, levier en acier INOX, manette papillon en aluminium.<br \/>\nCouleurs disponibles: rouge.<\/p>\n<p><strong>Tous les robinets sont conformes\u00a0 \u00e0 la directive\u00a0 97\/23\/CE et sont tous test\u00e9s 100% par un essai pneumatique \u00e0 contr\u00f4le \u00e9lectronique.<\/strong><\/p>\n<\/div>","protected":false},"excerpt":{"rendered":"<p>Vanne 1\/4 de Tour ASTER M-F PN40 Diam\u00e8tre disponible 3\/8 (12&#215;17)- 1\/2 (15&#215;21) &#8211; 3\/4 (20&#215;27)- 1&Prime;(26&#215;34 &#8211; 1 1\/4&Prime; (33&#215;42) &#8211; 1 1\/2&Prime; (40&#215;49) &#8211; 2&Prime; (50&#215;60) CARACTERISTIQUES TECHNIQUES: Limites de temp\u00e9rature: pour fluides de -15\u00b0C \u00e0 +110\u00b0C Limites de pression: pour fluides 40 bars CARACTERISTIQUES PARTICULIERS: Passage: int\u00e9gral. Tige: anti-explosion. Joints lat\u00e9rals: PTFE [&hellip;]<\/p>\n","protected":false},"featured_media":1938,"comment_status":"open","ping_status":"closed","template":"","meta":{"_uag_custom_page_level_css":"","site-sidebar-layout":"default","site-content-layout":"","ast-site-content-layout":"default","site-content-style":"default","site-sidebar-style":"default","ast-global-header-display":"","ast-banner-title-visibility":"","ast-main-header-display":"","ast-hfb-above-header-display":"","ast-hfb-below-header-display":"","ast-hfb-mobile-header-display":"","site-post-title":"","ast-breadcrumbs-content":"","ast-featured-img":"","footer-sml-layout":"","ast-disable-related-posts":"","theme-transparent-header-meta":"default","adv-header-id-meta":"","stick-header-meta":"","header-above-stick-meta":"","header-main-stick-meta":"","header-below-stick-meta":"","astra-migrate-meta-layouts":"set","ast-page-background-enabled":"default","ast-page-background-meta":{"desktop":{"background-color":"","background-image":"","background-repeat":"repeat","background-position":"center center","background-size":"auto","background-attachment":"scroll","background-type":"","background-media":"","overlay-type":"","overlay-color":"","overlay-opacity":"","overlay-gradient":""},"tablet":{"background-color":"","background-image":"","background-repeat":"repeat","background-position":"center center","background-size":"auto","background-attachment":"scroll","background-type":"","background-media":"","overlay-type":"","overlay-color":"","overlay-opacity":"","overlay-gradient":""},"mobile":{"background-color":"","background-image":"","background-repeat":"repeat","background-position":"center center","background-size":"auto","background-attachment":"scroll","background-type":"","background-media":"","overlay-type":"","overlay-color":"","overlay-opacity":"","overlay-gradient":""}},"ast-content-background-meta":{"desktop":{"background-color":"var(--ast-global-color-5)","background-image":"","background-repeat":"repeat","background-position":"center center","background-size":"auto","background-attachment":"scroll","background-type":"","background-media":"","overlay-type":"","overlay-color":"","overlay-opacity":"","overlay-gradient":""},"tablet":{"background-color":"var(--ast-global-color-5)","background-image":"","background-repeat":"repeat","background-position":"center center","background-size":"auto","background-attachment":"scroll","background-type":"","background-media":"","overlay-type":"","overlay-color":"","overlay-opacity":"","overlay-gradient":""},"mobile":{"background-color":"var(--ast-global-color-5)","background-image":"","background-repeat":"repeat","background-position":"center center","background-size":"auto","background-attachment":"scroll","background-type":"","background-media":"","overlay-type":"","overlay-color":"","overlay-opacity":"","overlay-gradient":""}}},"product_brand":[90],"product_cat":[86],"product_tag":[],"class_list":{"0":"post-1937","1":"product","2":"type-product","3":"status-publish","4":"has-post-thumbnail","6":"product_brand-effebi","7":"product_cat-plomberie","8":"desktop-align-left","9":"tablet-align-left","10":"mobile-align-left","12":"first","13":"instock","14":"taxable","15":"shipping-taxable","16":"purchasable","17":"product-type-simple"},"uagb_featured_image_src":{"full":["https:\/\/amenageart.fr\/wp-content\/uploads\/2025\/12\/vanne-1-4-de-tour-aster-m-f-pn40.webp",640,640,false],"thumbnail":["https:\/\/amenageart.fr\/wp-content\/uploads\/2025\/12\/vanne-1-4-de-tour-aster-m-f-pn40-150x150.webp",150,150,true],"medium":["https:\/\/amenageart.fr\/wp-content\/uploads\/2025\/12\/vanne-1-4-de-tour-aster-m-f-pn40-300x300.webp",300,300,true],"medium_large":["https:\/\/amenageart.fr\/wp-content\/uploads\/2025\/12\/vanne-1-4-de-tour-aster-m-f-pn40.webp",640,640,false],"large":["https:\/\/amenageart.fr\/wp-content\/uploads\/2025\/12\/vanne-1-4-de-tour-aster-m-f-pn40.webp",640,640,false],"1536x1536":["https:\/\/amenageart.fr\/wp-content\/uploads\/2025\/12\/vanne-1-4-de-tour-aster-m-f-pn40.webp",640,640,false],"2048x2048":["https:\/\/amenageart.fr\/wp-content\/uploads\/2025\/12\/vanne-1-4-de-tour-aster-m-f-pn40.webp",640,640,false],"trp-custom-language-flag":["https:\/\/amenageart.fr\/wp-content\/uploads\/2025\/12\/vanne-1-4-de-tour-aster-m-f-pn40.webp",12,12,false],"mailpoet_newsletter_max":["https:\/\/amenageart.fr\/wp-content\/uploads\/2025\/12\/vanne-1-4-de-tour-aster-m-f-pn40.webp",640,640,false],"woocommerce_thumbnail":["https:\/\/amenageart.fr\/wp-content\/uploads\/2025\/12\/vanne-1-4-de-tour-aster-m-f-pn40-300x300.webp",300,300,true],"woocommerce_single":["https:\/\/amenageart.fr\/wp-content\/uploads\/2025\/12\/vanne-1-4-de-tour-aster-m-f-pn40-600x600.webp",600,600,true],"woocommerce_gallery_thumbnail":["https:\/\/amenageart.fr\/wp-content\/uploads\/2025\/12\/vanne-1-4-de-tour-aster-m-f-pn40-100x100.webp",100,100,true]},"uagb_author_info":{"display_name":"admin","author_link":"https:\/\/amenageart.fr\/en\/author\/"},"uagb_comment_info":0,"uagb_excerpt":"Vanne 1\/4 de Tour ASTER M-F PN40 Diam\u00e8tre disponible 3\/8 (12&#215;17)- 1\/2 (15&#215;21) &#8211; 3\/4 (20&#215;27)- 1&Prime;(26&#215;34 &#8211; 1 1\/4&Prime; (33&#215;42) &#8211; 1 1\/2&Prime; (40&#215;49) &#8211; 2&Prime; (50&#215;60) CARACTERISTIQUES TECHNIQUES: Limites de temp\u00e9rature: pour fluides de -15\u00b0C \u00e0 +110\u00b0C Limites de pression: pour fluides 40 bars CARACTERISTIQUES PARTICULIERS: Passage: int\u00e9gral. Tige: anti-explosion. Joints lat\u00e9rals: PTFE&hellip;","jetpack_sharing_enabled":true,"_links":{"self":[{"href":"https:\/\/amenageart.fr\/en\/wp-json\/wp\/v2\/product\/1937","targetHints":{"allow":["GET"]}}],"collection":[{"href":"https:\/\/amenageart.fr\/en\/wp-json\/wp\/v2\/product"}],"about":[{"href":"https:\/\/amenageart.fr\/en\/wp-json\/wp\/v2\/types\/product"}],"replies":[{"embeddable":true,"href":"https:\/\/amenageart.fr\/en\/wp-json\/wp\/v2\/comments?post=1937"}],"wp:featuredmedia":[{"embeddable":true,"href":"https:\/\/amenageart.fr\/en\/wp-json\/wp\/v2\/media\/1938"}],"wp:attachment":[{"href":"https:\/\/amenageart.fr\/en\/wp-json\/wp\/v2\/media?parent=1937"}],"wp:term":[{"taxonomy":"product_brand","embeddable":true,"href":"https:\/\/amenageart.fr\/en\/wp-json\/wp\/v2\/product_brand?post=1937"},{"taxonomy":"product_cat","embeddable":true,"href":"https:\/\/amenageart.fr\/en\/wp-json\/wp\/v2\/product_cat?post=1937"},{"taxonomy":"product_tag","embeddable":true,"href":"https:\/\/amenageart.fr\/en\/wp-json\/wp\/v2\/product_tag?post=1937"}],"curies":[{"name":"wp","href":"https:\/\/api.w.org\/{rel}","templated":true}]}}