{"id":1932,"date":"2025-12-28T20:22:57","date_gmt":"2025-12-28T20:22:57","guid":{"rendered":"https:\/\/amenageart.fr\/?post_type=product&#038;p=1932"},"modified":"2025-12-28T20:22:58","modified_gmt":"2025-12-28T20:22:58","slug":"fixoplac-compression-per-machine-a-laver-dn16-f1-2","status":"publish","type":"product","link":"https:\/\/amenageart.fr\/en\/product\/fixoplac-compression-per-machine-a-laver-dn16-f1-2\/","title":{"rendered":"FIXOPLAC Compression PER Machine \u00e0 laver DN16 F1\/2"},"content":{"rendered":"<div class=\"st_read_more_box\">\n<p><span id=\"texte_description_fiche_produit\"><strong>Systeme de fixation<br \/>\nFIXOPLAC MAchine \u00e0 laver<br \/>\nRaccord PER \u00e0 compression<br \/>\n<\/strong><\/span><\/p>\n<div class=\"col-content\">\n<ul>\n<li>Pour PER 13\/16<\/li>\n<li>Syst\u00e8me brevet\u00e9<\/li>\n<li>Adaptable sur tous types de cloison d&rsquo;une \u00e9paisseur comprise entre 9,5 et 25mm (hors alv\u00e9olaire)<\/li>\n<li>Solution visitable<\/li>\n<li>Diam\u00e8tre de per\u00e7age scie cloche 54mm<\/li>\n<li>Livr\u00e9 avec rosace de finition chrom\u00e9e<\/li>\n<\/ul>\n<\/div>\n<p>Fixation la plus rapide du march\u00e9 en moins de\u00a010 minutes<br \/>\nFixation avec 1 seule outils le tournevis<br \/>\nPas de risque d&rsquo;endommager le P.E.R. derri\u00e8re la cloison<br \/>\nSolutions avec raccords visitable, garantie d\u00e9c\u00e8nale non engag\u00e9<\/p>\n<p>CSTB garanties 10 ANS<\/p>\n<\/div>","protected":false},"excerpt":{"rendered":"<p>Systeme de fixation FIXOPLAC MAchine \u00e0 laver Raccord PER \u00e0 compression Pour PER 13\/16 Syst\u00e8me brevet\u00e9 Adaptable sur tous types de cloison d&rsquo;une \u00e9paisseur comprise entre 9,5 et 25mm (hors alv\u00e9olaire) Solution visitable Diam\u00e8tre de per\u00e7age scie cloche 54mm Livr\u00e9 avec rosace de finition chrom\u00e9e Fixation la plus rapide du march\u00e9 en moins de\u00a010 minutes [&hellip;]<\/p>\n","protected":false},"featured_media":1933,"comment_status":"open","ping_status":"closed","template":"","meta":{"_uag_custom_page_level_css":"","site-sidebar-layout":"default","site-content-layout":"","ast-site-content-layout":"default","site-content-style":"default","site-sidebar-style":"default","ast-global-header-display":"","ast-banner-title-visibility":"","ast-main-header-display":"","ast-hfb-above-header-display":"","ast-hfb-below-header-display":"","ast-hfb-mobile-header-display":"","site-post-title":"","ast-breadcrumbs-content":"","ast-featured-img":"","footer-sml-layout":"","ast-disable-related-posts":"","theme-transparent-header-meta":"default","adv-header-id-meta":"","stick-header-meta":"","header-above-stick-meta":"","header-main-stick-meta":"","header-below-stick-meta":"","astra-migrate-meta-layouts":"set","ast-page-background-enabled":"default","ast-page-background-meta":{"desktop":{"background-color":"","background-image":"","background-repeat":"repeat","background-position":"center center","background-size":"auto","background-attachment":"scroll","background-type":"","background-media":"","overlay-type":"","overlay-color":"","overlay-opacity":"","overlay-gradient":""},"tablet":{"background-color":"","background-image":"","background-repeat":"repeat","background-position":"center center","background-size":"auto","background-attachment":"scroll","background-type":"","background-media":"","overlay-type":"","overlay-color":"","overlay-opacity":"","overlay-gradient":""},"mobile":{"background-color":"","background-image":"","background-repeat":"repeat","background-position":"center center","background-size":"auto","background-attachment":"scroll","background-type":"","background-media":"","overlay-type":"","overlay-color":"","overlay-opacity":"","overlay-gradient":""}},"ast-content-background-meta":{"desktop":{"background-color":"var(--ast-global-color-5)","background-image":"","background-repeat":"repeat","background-position":"center center","background-size":"auto","background-attachment":"scroll","background-type":"","background-media":"","overlay-type":"","overlay-color":"","overlay-opacity":"","overlay-gradient":""},"tablet":{"background-color":"var(--ast-global-color-5)","background-image":"","background-repeat":"repeat","background-position":"center center","background-size":"auto","background-attachment":"scroll","background-type":"","background-media":"","overlay-type":"","overlay-color":"","overlay-opacity":"","overlay-gradient":""},"mobile":{"background-color":"var(--ast-global-color-5)","background-image":"","background-repeat":"repeat","background-position":"center center","background-size":"auto","background-attachment":"scroll","background-type":"","background-media":"","overlay-type":"","overlay-color":"","overlay-opacity":"","overlay-gradient":""}}},"product_brand":[87],"product_cat":[86],"product_tag":[],"class_list":{"0":"post-1932","1":"product","2":"type-product","3":"status-publish","4":"has-post-thumbnail","6":"product_brand-ayor-somatherm","7":"product_cat-plomberie","8":"desktop-align-left","9":"tablet-align-left","10":"mobile-align-left","12":"first","13":"instock","14":"taxable","15":"shipping-taxable","16":"purchasable","17":"product-type-simple"},"uagb_featured_image_src":{"full":["https:\/\/amenageart.fr\/wp-content\/uploads\/2025\/12\/fixoplac-compression-machine-a-laver-dn16-f1-2.webp",1372,1372,false],"thumbnail":["https:\/\/amenageart.fr\/wp-content\/uploads\/2025\/12\/fixoplac-compression-machine-a-laver-dn16-f1-2-150x150.webp",150,150,true],"medium":["https:\/\/amenageart.fr\/wp-content\/uploads\/2025\/12\/fixoplac-compression-machine-a-laver-dn16-f1-2-300x300.webp",300,300,true],"medium_large":["https:\/\/amenageart.fr\/wp-content\/uploads\/2025\/12\/fixoplac-compression-machine-a-laver-dn16-f1-2-768x768.webp",768,768,true],"large":["https:\/\/amenageart.fr\/wp-content\/uploads\/2025\/12\/fixoplac-compression-machine-a-laver-dn16-f1-2-1024x1024.webp",1024,1024,true],"1536x1536":["https:\/\/amenageart.fr\/wp-content\/uploads\/2025\/12\/fixoplac-compression-machine-a-laver-dn16-f1-2.webp",1372,1372,false],"2048x2048":["https:\/\/amenageart.fr\/wp-content\/uploads\/2025\/12\/fixoplac-compression-machine-a-laver-dn16-f1-2.webp",1372,1372,false],"trp-custom-language-flag":["https:\/\/amenageart.fr\/wp-content\/uploads\/2025\/12\/fixoplac-compression-machine-a-laver-dn16-f1-2.webp",12,12,false],"mailpoet_newsletter_max":["https:\/\/amenageart.fr\/wp-content\/uploads\/2025\/12\/fixoplac-compression-machine-a-laver-dn16-f1-2-1320x1320.webp",1320,1320,true],"woocommerce_thumbnail":["https:\/\/amenageart.fr\/wp-content\/uploads\/2025\/12\/fixoplac-compression-machine-a-laver-dn16-f1-2-300x300.webp",300,300,true],"woocommerce_single":["https:\/\/amenageart.fr\/wp-content\/uploads\/2025\/12\/fixoplac-compression-machine-a-laver-dn16-f1-2-600x600.webp",600,600,true],"woocommerce_gallery_thumbnail":["https:\/\/amenageart.fr\/wp-content\/uploads\/2025\/12\/fixoplac-compression-machine-a-laver-dn16-f1-2-100x100.webp",100,100,true]},"uagb_author_info":{"display_name":"admin","author_link":"https:\/\/amenageart.fr\/en\/author\/"},"uagb_comment_info":0,"uagb_excerpt":"Systeme de fixation FIXOPLAC MAchine \u00e0 laver Raccord PER \u00e0 compression Pour PER 13\/16 Syst\u00e8me brevet\u00e9 Adaptable sur tous types de cloison d&rsquo;une \u00e9paisseur comprise entre 9,5 et 25mm (hors alv\u00e9olaire) Solution visitable Diam\u00e8tre de per\u00e7age scie cloche 54mm Livr\u00e9 avec rosace de finition chrom\u00e9e Fixation la plus rapide du march\u00e9 en moins de\u00a010 minutes&hellip;","jetpack_sharing_enabled":true,"_links":{"self":[{"href":"https:\/\/amenageart.fr\/en\/wp-json\/wp\/v2\/product\/1932","targetHints":{"allow":["GET"]}}],"collection":[{"href":"https:\/\/amenageart.fr\/en\/wp-json\/wp\/v2\/product"}],"about":[{"href":"https:\/\/amenageart.fr\/en\/wp-json\/wp\/v2\/types\/product"}],"replies":[{"embeddable":true,"href":"https:\/\/amenageart.fr\/en\/wp-json\/wp\/v2\/comments?post=1932"}],"wp:featuredmedia":[{"embeddable":true,"href":"https:\/\/amenageart.fr\/en\/wp-json\/wp\/v2\/media\/1933"}],"wp:attachment":[{"href":"https:\/\/amenageart.fr\/en\/wp-json\/wp\/v2\/media?parent=1932"}],"wp:term":[{"taxonomy":"product_brand","embeddable":true,"href":"https:\/\/amenageart.fr\/en\/wp-json\/wp\/v2\/product_brand?post=1932"},{"taxonomy":"product_cat","embeddable":true,"href":"https:\/\/amenageart.fr\/en\/wp-json\/wp\/v2\/product_cat?post=1932"},{"taxonomy":"product_tag","embeddable":true,"href":"https:\/\/amenageart.fr\/en\/wp-json\/wp\/v2\/product_tag?post=1932"}],"curies":[{"name":"wp","href":"https:\/\/api.w.org\/{rel}","templated":true}]}}