{"id":1927,"date":"2025-12-28T20:17:16","date_gmt":"2025-12-28T20:17:16","guid":{"rendered":"https:\/\/amenageart.fr\/?post_type=product&#038;p=1927"},"modified":"2025-12-28T20:17:17","modified_gmt":"2025-12-28T20:17:17","slug":"fixoplac-ciel-de-douche-raccord-per-compression-f1-2-12","status":"publish","type":"product","link":"https:\/\/amenageart.fr\/en\/product\/fixoplac-ciel-de-douche-raccord-per-compression-f1-2-12\/","title":{"rendered":"FIXOPLAC Ciel de Douche Raccord PER Compression F1\/2 12"},"content":{"rendered":"<p>Application:<\/p>\n<p><span id=\"texte_description_fiche_produit\"> <\/span><\/p>\n<p>Raccordement F (1\/2) 15&#215;21<\/p>\n<p>Raccord PER\u00a0 Coud\u00e9 \u00e0 Compression sans outils D 16 mm<\/p>\n<p>Percement scie cloche \u00d8 54 mm<\/p>\n<p>Kit simple Pour ciel de Douche<\/p>\n<p>Rosace chrom\u00e9e de finition<\/p>\n<p>Fixation la plus rapide du march\u00e9 en moins de\u00a010 minutes<br \/>\nFixation avec 1 seule outils le tournevis<br \/>\nPas de risque d&rsquo;endommager le P.E.R. derri\u00e8re la cloison<br \/>\nSolutions avec raccords visitable, garantie d\u00e9c\u00e9nale non engag\u00e9<\/p>\n<p>CSTB garanties 10 ANS<\/p>","protected":false},"excerpt":{"rendered":"<p>Application: Raccordement F (1\/2) 15&#215;21 Raccord PER\u00a0 Coud\u00e9 \u00e0 Compression sans outils D 16 mm Percement scie cloche \u00d8 54 mm Kit simple Pour ciel de Douche Rosace chrom\u00e9e de finition Fixation la plus rapide du march\u00e9 en moins de\u00a010 minutes Fixation avec 1 seule outils le tournevis Pas de risque d&rsquo;endommager le P.E.R. derri\u00e8re [&hellip;]<\/p>\n","protected":false},"featured_media":1928,"comment_status":"open","ping_status":"closed","template":"","meta":{"_uag_custom_page_level_css":"","site-sidebar-layout":"default","site-content-layout":"","ast-site-content-layout":"default","site-content-style":"default","site-sidebar-style":"default","ast-global-header-display":"","ast-banner-title-visibility":"","ast-main-header-display":"","ast-hfb-above-header-display":"","ast-hfb-below-header-display":"","ast-hfb-mobile-header-display":"","site-post-title":"","ast-breadcrumbs-content":"","ast-featured-img":"","footer-sml-layout":"","ast-disable-related-posts":"","theme-transparent-header-meta":"default","adv-header-id-meta":"","stick-header-meta":"","header-above-stick-meta":"","header-main-stick-meta":"","header-below-stick-meta":"","astra-migrate-meta-layouts":"set","ast-page-background-enabled":"default","ast-page-background-meta":{"desktop":{"background-color":"","background-image":"","background-repeat":"repeat","background-position":"center center","background-size":"auto","background-attachment":"scroll","background-type":"","background-media":"","overlay-type":"","overlay-color":"","overlay-opacity":"","overlay-gradient":""},"tablet":{"background-color":"","background-image":"","background-repeat":"repeat","background-position":"center center","background-size":"auto","background-attachment":"scroll","background-type":"","background-media":"","overlay-type":"","overlay-color":"","overlay-opacity":"","overlay-gradient":""},"mobile":{"background-color":"","background-image":"","background-repeat":"repeat","background-position":"center center","background-size":"auto","background-attachment":"scroll","background-type":"","background-media":"","overlay-type":"","overlay-color":"","overlay-opacity":"","overlay-gradient":""}},"ast-content-background-meta":{"desktop":{"background-color":"var(--ast-global-color-5)","background-image":"","background-repeat":"repeat","background-position":"center center","background-size":"auto","background-attachment":"scroll","background-type":"","background-media":"","overlay-type":"","overlay-color":"","overlay-opacity":"","overlay-gradient":""},"tablet":{"background-color":"var(--ast-global-color-5)","background-image":"","background-repeat":"repeat","background-position":"center center","background-size":"auto","background-attachment":"scroll","background-type":"","background-media":"","overlay-type":"","overlay-color":"","overlay-opacity":"","overlay-gradient":""},"mobile":{"background-color":"var(--ast-global-color-5)","background-image":"","background-repeat":"repeat","background-position":"center center","background-size":"auto","background-attachment":"scroll","background-type":"","background-media":"","overlay-type":"","overlay-color":"","overlay-opacity":"","overlay-gradient":""}}},"product_brand":[87],"product_cat":[86],"product_tag":[88],"class_list":{"0":"post-1927","1":"product","2":"type-product","3":"status-publish","4":"has-post-thumbnail","6":"product_brand-ayor-somatherm","7":"product_cat-plomberie","8":"product_tag-plonberie","9":"desktop-align-left","10":"tablet-align-left","11":"mobile-align-left","13":"first","14":"instock","15":"taxable","16":"shipping-taxable","17":"purchasable","18":"product-type-simple"},"uagb_featured_image_src":{"full":["https:\/\/amenageart.fr\/wp-content\/uploads\/2025\/12\/fixoplac-ciel-de-douche-raccord-per-compression-f1-2-12.webp",640,640,false],"thumbnail":["https:\/\/amenageart.fr\/wp-content\/uploads\/2025\/12\/fixoplac-ciel-de-douche-raccord-per-compression-f1-2-12-150x150.webp",150,150,true],"medium":["https:\/\/amenageart.fr\/wp-content\/uploads\/2025\/12\/fixoplac-ciel-de-douche-raccord-per-compression-f1-2-12-300x300.webp",300,300,true],"medium_large":["https:\/\/amenageart.fr\/wp-content\/uploads\/2025\/12\/fixoplac-ciel-de-douche-raccord-per-compression-f1-2-12.webp",640,640,false],"large":["https:\/\/amenageart.fr\/wp-content\/uploads\/2025\/12\/fixoplac-ciel-de-douche-raccord-per-compression-f1-2-12.webp",640,640,false],"1536x1536":["https:\/\/amenageart.fr\/wp-content\/uploads\/2025\/12\/fixoplac-ciel-de-douche-raccord-per-compression-f1-2-12.webp",640,640,false],"2048x2048":["https:\/\/amenageart.fr\/wp-content\/uploads\/2025\/12\/fixoplac-ciel-de-douche-raccord-per-compression-f1-2-12.webp",640,640,false],"trp-custom-language-flag":["https:\/\/amenageart.fr\/wp-content\/uploads\/2025\/12\/fixoplac-ciel-de-douche-raccord-per-compression-f1-2-12.webp",12,12,false],"mailpoet_newsletter_max":["https:\/\/amenageart.fr\/wp-content\/uploads\/2025\/12\/fixoplac-ciel-de-douche-raccord-per-compression-f1-2-12.webp",640,640,false],"woocommerce_thumbnail":["https:\/\/amenageart.fr\/wp-content\/uploads\/2025\/12\/fixoplac-ciel-de-douche-raccord-per-compression-f1-2-12-300x300.webp",300,300,true],"woocommerce_single":["https:\/\/amenageart.fr\/wp-content\/uploads\/2025\/12\/fixoplac-ciel-de-douche-raccord-per-compression-f1-2-12-600x600.webp",600,600,true],"woocommerce_gallery_thumbnail":["https:\/\/amenageart.fr\/wp-content\/uploads\/2025\/12\/fixoplac-ciel-de-douche-raccord-per-compression-f1-2-12-100x100.webp",100,100,true]},"uagb_author_info":{"display_name":"admin","author_link":"https:\/\/amenageart.fr\/en\/author\/"},"uagb_comment_info":0,"uagb_excerpt":"Application: Raccordement F (1\/2) 15&#215;21 Raccord PER\u00a0 Coud\u00e9 \u00e0 Compression sans outils D 16 mm Percement scie cloche \u00d8 54 mm Kit simple Pour ciel de Douche Rosace chrom\u00e9e de finition Fixation la plus rapide du march\u00e9 en moins de\u00a010 minutes Fixation avec 1 seule outils le tournevis Pas de risque d&rsquo;endommager le P.E.R. derri\u00e8re&hellip;","jetpack_sharing_enabled":true,"_links":{"self":[{"href":"https:\/\/amenageart.fr\/en\/wp-json\/wp\/v2\/product\/1927","targetHints":{"allow":["GET"]}}],"collection":[{"href":"https:\/\/amenageart.fr\/en\/wp-json\/wp\/v2\/product"}],"about":[{"href":"https:\/\/amenageart.fr\/en\/wp-json\/wp\/v2\/types\/product"}],"replies":[{"embeddable":true,"href":"https:\/\/amenageart.fr\/en\/wp-json\/wp\/v2\/comments?post=1927"}],"wp:featuredmedia":[{"embeddable":true,"href":"https:\/\/amenageart.fr\/en\/wp-json\/wp\/v2\/media\/1928"}],"wp:attachment":[{"href":"https:\/\/amenageart.fr\/en\/wp-json\/wp\/v2\/media?parent=1927"}],"wp:term":[{"taxonomy":"product_brand","embeddable":true,"href":"https:\/\/amenageart.fr\/en\/wp-json\/wp\/v2\/product_brand?post=1927"},{"taxonomy":"product_cat","embeddable":true,"href":"https:\/\/amenageart.fr\/en\/wp-json\/wp\/v2\/product_cat?post=1927"},{"taxonomy":"product_tag","embeddable":true,"href":"https:\/\/amenageart.fr\/en\/wp-json\/wp\/v2\/product_tag?post=1927"}],"curies":[{"name":"wp","href":"https:\/\/api.w.org\/{rel}","templated":true}]}}